{"id":7871,"date":"2026-02-09T18:54:27","date_gmt":"2026-02-09T18:54:27","guid":{"rendered":"https:\/\/loja.peninsular.com.pt\/?post_type=product&#038;p=7871"},"modified":"2026-02-10T09:56:18","modified_gmt":"2026-02-10T09:56:18","slug":"lombada-semi-exposta","status":"publish","type":"product","link":"http:\/\/loja.peninsular.com.pt\/en\/product\/lombada-semi-exposta\/","title":{"rendered":"Lombada Semi-Exposta"},"content":{"rendered":"<p>Capa:\u00a0 Beermatt 390gr<\/p>\n<p>Inside: Munken Pure 90gr.<\/p>\n<p>Sewing in booklets<\/p>","protected":false},"excerpt":{"rendered":"<p>Caderno (165x230mm) de Lombada Exposta, com grava\u00e7\u00f5es em baixo Relevo, Termoestampagem a Azul met\u00e1lico e 80 folhas Pautadas<\/p>","protected":false},"featured_media":7872,"comment_status":"open","ping_status":"closed","template":"","meta":[],"product_brand":[],"product_cat":[358,370],"product_tag":[],"class_list":{"0":"post-7871","1":"product","2":"type-product","3":"status-publish","4":"has-post-thumbnail","6":"product_cat-notebooks","7":"product_cat-lombada-exposta","9":"first","10":"instock","11":"taxable","12":"shipping-taxable","13":"purchasable","14":"product-type-simple"},"_links":{"self":[{"href":"http:\/\/loja.peninsular.com.pt\/en\/wp-json\/wp\/v2\/product\/7871","targetHints":{"allow":["GET"]}}],"collection":[{"href":"http:\/\/loja.peninsular.com.pt\/en\/wp-json\/wp\/v2\/product"}],"about":[{"href":"http:\/\/loja.peninsular.com.pt\/en\/wp-json\/wp\/v2\/types\/product"}],"replies":[{"embeddable":true,"href":"http:\/\/loja.peninsular.com.pt\/en\/wp-json\/wp\/v2\/comments?post=7871"}],"wp:featuredmedia":[{"embeddable":true,"href":"http:\/\/loja.peninsular.com.pt\/en\/wp-json\/wp\/v2\/media\/7872"}],"wp:attachment":[{"href":"http:\/\/loja.peninsular.com.pt\/en\/wp-json\/wp\/v2\/media?parent=7871"}],"wp:term":[{"taxonomy":"product_brand","embeddable":true,"href":"http:\/\/loja.peninsular.com.pt\/en\/wp-json\/wp\/v2\/product_brand?post=7871"},{"taxonomy":"product_cat","embeddable":true,"href":"http:\/\/loja.peninsular.com.pt\/en\/wp-json\/wp\/v2\/product_cat?post=7871"},{"taxonomy":"product_tag","embeddable":true,"href":"http:\/\/loja.peninsular.com.pt\/en\/wp-json\/wp\/v2\/product_tag?post=7871"}],"curies":[{"name":"wp","href":"https:\/\/api.w.org\/{rel}","templated":true}]}}