{"id":7864,"date":"2026-02-09T18:44:27","date_gmt":"2026-02-09T18:44:27","guid":{"rendered":"https:\/\/loja.peninsular.com.pt\/?post_type=product&#038;p=7864"},"modified":"2026-02-09T18:51:33","modified_gmt":"2026-02-09T18:51:33","slug":"lombada-exposta-azul","status":"publish","type":"product","link":"https:\/\/loja.peninsular.com.pt\/en\/product\/lombada-exposta-azul\/","title":{"rendered":"Lombada Exposta Azul"},"content":{"rendered":"<p>Capa:  Keaykolour Navy Blue 600gr.<\/p>\n<p>Inside: Munken Pure 90gr.<\/p>\n<p>Sewing in booklets<\/p>","protected":false},"excerpt":{"rendered":"<p>Caderno (165x230mm) de Lombada Exposta, com grava\u00e7\u00f5es em baixo Relevo, Termoestampagem Hologr\u00e1fica met\u00e1lico e 46 folhas lisas<\/p>","protected":false},"featured_media":7865,"comment_status":"open","ping_status":"closed","template":"","meta":[],"product_brand":[],"product_cat":[358,370],"product_tag":[],"class_list":{"0":"post-7864","1":"product","2":"type-product","3":"status-publish","4":"has-post-thumbnail","6":"product_cat-notebooks","7":"product_cat-lombada-exposta","9":"first","10":"instock","11":"taxable","12":"shipping-taxable","13":"purchasable","14":"product-type-simple"},"_links":{"self":[{"href":"https:\/\/loja.peninsular.com.pt\/en\/wp-json\/wp\/v2\/product\/7864","targetHints":{"allow":["GET"]}}],"collection":[{"href":"https:\/\/loja.peninsular.com.pt\/en\/wp-json\/wp\/v2\/product"}],"about":[{"href":"https:\/\/loja.peninsular.com.pt\/en\/wp-json\/wp\/v2\/types\/product"}],"replies":[{"embeddable":true,"href":"https:\/\/loja.peninsular.com.pt\/en\/wp-json\/wp\/v2\/comments?post=7864"}],"wp:featuredmedia":[{"embeddable":true,"href":"https:\/\/loja.peninsular.com.pt\/en\/wp-json\/wp\/v2\/media\/7865"}],"wp:attachment":[{"href":"https:\/\/loja.peninsular.com.pt\/en\/wp-json\/wp\/v2\/media?parent=7864"}],"wp:term":[{"taxonomy":"product_brand","embeddable":true,"href":"https:\/\/loja.peninsular.com.pt\/en\/wp-json\/wp\/v2\/product_brand?post=7864"},{"taxonomy":"product_cat","embeddable":true,"href":"https:\/\/loja.peninsular.com.pt\/en\/wp-json\/wp\/v2\/product_cat?post=7864"},{"taxonomy":"product_tag","embeddable":true,"href":"https:\/\/loja.peninsular.com.pt\/en\/wp-json\/wp\/v2\/product_tag?post=7864"}],"curies":[{"name":"wp","href":"https:\/\/api.w.org\/{rel}","templated":true}]}}